{"id":650,"date":"2018-07-24T10:56:16","date_gmt":"2018-07-24T10:56:16","guid":{"rendered":"https:\/\/ginesrosell.es\/index.php\/politica-de-privacidad\/"},"modified":"2018-07-24T10:56:16","modified_gmt":"2018-07-24T10:56:16","slug":"politica-de-privacidad","status":"publish","type":"page","link":"https:\/\/ginesrosell.es\/index.php\/politica-de-privacidad\/","title":{"rendered":"Pol\u00edtica de Privacidad"},"content":{"rendered":"<div id=\"clickdatos\">En cumplimiento de lo establecido en la RGPD, le informamos que sus datos ser\u00e1n tratados en nuestros ficheros, con la finalidad del mantenimiento y cumplimiento de la relaci\u00f3n con nuestra entidad, incluyendo el env\u00edo de comunicaciones en el marco de la citada relaci\u00f3n.<\/p>\n<p>As\u00ed mismo, sus datos ser\u00e1n cedidos en todos aquellos casos en que sea necesario para el desarrollo, cumplimiento y control de la relaci\u00f3n con nuestra entidad o en los supuestos en que lo autorice una norma con rango de ley. En cumplimiento de la RGPD puede ejercitar sus derechos ARCO ante <strong>Gin\u00e9s Rosell e Hijos S.L.<\/strong>, con direcci\u00f3n en <strong>C\/ Cantabria, 2, 30820 &#8211; Alcantarilla<\/strong>, adjuntando fotocopia de su DNI.<\/p>\n<p>El contenido de esta comunicaci\u00f3n, as\u00ed como el de toda la documentaci\u00f3n anexa, est\u00e1 sujeta al deber de secreto y va dirigida \u00fanicamente a su destinatario. En el supuesto de que usted no fuera el destinatario, le solicitamos que nos lo indique y no comunique su contenido a terceros, procediendo a su destrucci\u00f3n.<\/p>\n<p>El prestador de servicios de la sociedad de la informaci\u00f3n deber\u00e1 tener en cuenta que, adem\u00e1s de la informaci\u00f3n que facilite a los destinatarios del servicio a trav\u00e9s de su \u201cPol\u00edtica de Privacidad\ufffd?, deber\u00e1 disponer de textos legales adicionales relativos a otras normativas de obligado cumplimiento, tales como, sin car\u00e1cter limitativo o excluyente, condiciones generales de la contrataci\u00f3n, propiedad intelectual e industrial, condiciones de utilizaci\u00f3n de la p\u00e1gina web y responsabilidades al respecto, o lo que la propia Ley 34\/2002, de 11 de julio, de Servicios de la Sociedad de la Informaci\u00f3n y de Comercio Electr\u00f3nico pueda establecer en cualesquiera otros preceptos al margen de su art\u00edculo 10 o incluso completar la informaci\u00f3n que, en relaci\u00f3n a \u00e9ste, fuese necesaria.<\/p><\/div>\n<div id=\"themify_builder_content-650\" data-postid=\"650\" class=\"themify_builder_content themify_builder_content-650 themify_builder\">\n\n    <\/div>\n<!-- \/themify_builder_content -->","protected":false},"excerpt":{"rendered":"<p>En cumplimiento de lo establecido en la RGPD, le informamos que sus datos ser\u00e1n tratados en nuestros ficheros, con la finalidad del mantenimiento y cumplimiento de la relaci\u00f3n con nuestra entidad, incluyendo el env\u00edo de comunicaciones en el marco de la citada relaci\u00f3n. As\u00ed mismo, sus datos ser\u00e1n cedidos en todos aquellos casos en que [&hellip;]<\/p>\n","protected":false},"author":1,"featured_media":0,"parent":0,"menu_order":0,"comment_status":"closed","ping_status":"closed","template":"","meta":{"jetpack_post_was_ever_published":false,"footnotes":""},"class_list":["post-650","page","type-page","status-publish","hentry","has-post-title","has-post-date","has-post-category","has-post-tag","has-post-comment","has-post-author",""],"yoast_head":"<!-- This site is optimized with the Yoast SEO Premium plugin v25.2 (Yoast SEO v27.4) - https:\/\/yoast.com\/product\/yoast-seo-premium-wordpress\/ -->\n<title>Pol\u00edtica de Privacidad - Gin\u00e9s Rosell<\/title>\n<meta name=\"robots\" content=\"index, follow, max-snippet:-1, max-image-preview:large, max-video-preview:-1\" \/>\n<link rel=\"canonical\" href=\"https:\/\/ginesrosell.es\/index.php\/politica-de-privacidad\/\" \/>\n<meta property=\"og:locale\" content=\"es_ES\" \/>\n<meta property=\"og:type\" content=\"article\" \/>\n<meta property=\"og:title\" content=\"Pol\u00edtica de Privacidad\" \/>\n<meta property=\"og:description\" content=\"En cumplimiento de lo establecido en la RGPD, le informamos que sus datos ser\u00e1n tratados en nuestros ficheros, con la finalidad del mantenimiento y cumplimiento de la relaci\u00f3n con nuestra entidad, incluyendo el env\u00edo de comunicaciones en el marco de la citada relaci\u00f3n. As\u00ed mismo, sus datos ser\u00e1n cedidos en todos aquellos casos en que [&hellip;]\" \/>\n<meta property=\"og:url\" content=\"https:\/\/ginesrosell.es\/index.php\/politica-de-privacidad\/\" \/>\n<meta property=\"og:site_name\" content=\"Gin\u00e9s Rosell\" \/>\n<meta property=\"article:publisher\" content=\"https:\/\/www.facebook.com\/ginesroselltodoparatumascota\/\" \/>\n<meta name=\"twitter:card\" content=\"summary_large_image\" \/>\n<meta name=\"twitter:label1\" content=\"Tiempo de lectura\" \/>\n\t<meta name=\"twitter:data1\" content=\"2 minutos\" \/>\n<script type=\"application\/ld+json\" class=\"yoast-schema-graph\">{\"@context\":\"https:\\\/\\\/schema.org\",\"@graph\":[{\"@type\":\"WebPage\",\"@id\":\"https:\\\/\\\/ginesrosell.es\\\/index.php\\\/politica-de-privacidad\\\/\",\"url\":\"https:\\\/\\\/ginesrosell.es\\\/index.php\\\/politica-de-privacidad\\\/\",\"name\":\"Pol\u00edtica de Privacidad - Gin\u00e9s Rosell\",\"isPartOf\":{\"@id\":\"https:\\\/\\\/ginesrosell.es\\\/#website\"},\"datePublished\":\"2018-07-24T10:56:16+00:00\",\"breadcrumb\":{\"@id\":\"https:\\\/\\\/ginesrosell.es\\\/index.php\\\/politica-de-privacidad\\\/#breadcrumb\"},\"inLanguage\":\"es\",\"potentialAction\":[{\"@type\":\"ReadAction\",\"target\":[\"https:\\\/\\\/ginesrosell.es\\\/index.php\\\/politica-de-privacidad\\\/\"]}]},{\"@type\":\"BreadcrumbList\",\"@id\":\"https:\\\/\\\/ginesrosell.es\\\/index.php\\\/politica-de-privacidad\\\/#breadcrumb\",\"itemListElement\":[{\"@type\":\"ListItem\",\"position\":1,\"name\":\"Portada\",\"item\":\"https:\\\/\\\/ginesrosell.es\\\/\"},{\"@type\":\"ListItem\",\"position\":2,\"name\":\"Pol\u00edtica de Privacidad\"}]},{\"@type\":\"WebSite\",\"@id\":\"https:\\\/\\\/ginesrosell.es\\\/#website\",\"url\":\"https:\\\/\\\/ginesrosell.es\\\/\",\"name\":\"Gin\u00e9s Rosell - Todo para tu mascota\",\"description\":\"Gin\u00e9s Rosell - Todo para tu mascota\",\"publisher\":{\"@id\":\"https:\\\/\\\/ginesrosell.es\\\/#organization\"},\"potentialAction\":[{\"@type\":\"SearchAction\",\"target\":{\"@type\":\"EntryPoint\",\"urlTemplate\":\"https:\\\/\\\/ginesrosell.es\\\/?s={search_term_string}\"},\"query-input\":{\"@type\":\"PropertyValueSpecification\",\"valueRequired\":true,\"valueName\":\"search_term_string\"}}],\"inLanguage\":\"es\"},{\"@type\":\"Organization\",\"@id\":\"https:\\\/\\\/ginesrosell.es\\\/#organization\",\"name\":\"Gin\u00e9s Rosell - Todo para tu mascota\",\"url\":\"https:\\\/\\\/ginesrosell.es\\\/\",\"logo\":{\"@type\":\"ImageObject\",\"inLanguage\":\"es\",\"@id\":\"https:\\\/\\\/ginesrosell.es\\\/#\\\/schema\\\/logo\\\/image\\\/\",\"url\":\"https:\\\/\\\/ginesrosell.es\\\/wp-content\\\/uploads\\\/2018\\\/08\\\/ANAGRAMA-GR-LETRAS-NUEVAS.jpg\",\"contentUrl\":\"https:\\\/\\\/ginesrosell.es\\\/wp-content\\\/uploads\\\/2018\\\/08\\\/ANAGRAMA-GR-LETRAS-NUEVAS.jpg\",\"width\":768,\"height\":768,\"caption\":\"Gin\u00e9s Rosell - Todo para tu mascota\"},\"image\":{\"@id\":\"https:\\\/\\\/ginesrosell.es\\\/#\\\/schema\\\/logo\\\/image\\\/\"},\"sameAs\":[\"https:\\\/\\\/www.facebook.com\\\/ginesroselltodoparatumascota\\\/\"]}]}<\/script>\n<!-- \/ Yoast SEO Premium plugin. -->","yoast_head_json":{"title":"Pol\u00edtica de Privacidad - Gin\u00e9s Rosell","robots":{"index":"index","follow":"follow","max-snippet":"max-snippet:-1","max-image-preview":"max-image-preview:large","max-video-preview":"max-video-preview:-1"},"canonical":"https:\/\/ginesrosell.es\/index.php\/politica-de-privacidad\/","og_locale":"es_ES","og_type":"article","og_title":"Pol\u00edtica de Privacidad","og_description":"En cumplimiento de lo establecido en la RGPD, le informamos que sus datos ser\u00e1n tratados en nuestros ficheros, con la finalidad del mantenimiento y cumplimiento de la relaci\u00f3n con nuestra entidad, incluyendo el env\u00edo de comunicaciones en el marco de la citada relaci\u00f3n. As\u00ed mismo, sus datos ser\u00e1n cedidos en todos aquellos casos en que [&hellip;]","og_url":"https:\/\/ginesrosell.es\/index.php\/politica-de-privacidad\/","og_site_name":"Gin\u00e9s Rosell","article_publisher":"https:\/\/www.facebook.com\/ginesroselltodoparatumascota\/","twitter_card":"summary_large_image","twitter_misc":{"Tiempo de lectura":"2 minutos"},"schema":{"@context":"https:\/\/schema.org","@graph":[{"@type":"WebPage","@id":"https:\/\/ginesrosell.es\/index.php\/politica-de-privacidad\/","url":"https:\/\/ginesrosell.es\/index.php\/politica-de-privacidad\/","name":"Pol\u00edtica de Privacidad - Gin\u00e9s Rosell","isPartOf":{"@id":"https:\/\/ginesrosell.es\/#website"},"datePublished":"2018-07-24T10:56:16+00:00","breadcrumb":{"@id":"https:\/\/ginesrosell.es\/index.php\/politica-de-privacidad\/#breadcrumb"},"inLanguage":"es","potentialAction":[{"@type":"ReadAction","target":["https:\/\/ginesrosell.es\/index.php\/politica-de-privacidad\/"]}]},{"@type":"BreadcrumbList","@id":"https:\/\/ginesrosell.es\/index.php\/politica-de-privacidad\/#breadcrumb","itemListElement":[{"@type":"ListItem","position":1,"name":"Portada","item":"https:\/\/ginesrosell.es\/"},{"@type":"ListItem","position":2,"name":"Pol\u00edtica de Privacidad"}]},{"@type":"WebSite","@id":"https:\/\/ginesrosell.es\/#website","url":"https:\/\/ginesrosell.es\/","name":"Gin\u00e9s Rosell - Todo para tu mascota","description":"Gin\u00e9s Rosell - Todo para tu mascota","publisher":{"@id":"https:\/\/ginesrosell.es\/#organization"},"potentialAction":[{"@type":"SearchAction","target":{"@type":"EntryPoint","urlTemplate":"https:\/\/ginesrosell.es\/?s={search_term_string}"},"query-input":{"@type":"PropertyValueSpecification","valueRequired":true,"valueName":"search_term_string"}}],"inLanguage":"es"},{"@type":"Organization","@id":"https:\/\/ginesrosell.es\/#organization","name":"Gin\u00e9s Rosell - Todo para tu mascota","url":"https:\/\/ginesrosell.es\/","logo":{"@type":"ImageObject","inLanguage":"es","@id":"https:\/\/ginesrosell.es\/#\/schema\/logo\/image\/","url":"https:\/\/ginesrosell.es\/wp-content\/uploads\/2018\/08\/ANAGRAMA-GR-LETRAS-NUEVAS.jpg","contentUrl":"https:\/\/ginesrosell.es\/wp-content\/uploads\/2018\/08\/ANAGRAMA-GR-LETRAS-NUEVAS.jpg","width":768,"height":768,"caption":"Gin\u00e9s Rosell - Todo para tu mascota"},"image":{"@id":"https:\/\/ginesrosell.es\/#\/schema\/logo\/image\/"},"sameAs":["https:\/\/www.facebook.com\/ginesroselltodoparatumascota\/"]}]}},"jetpack_sharing_enabled":true,"jetpack_shortlink":"https:\/\/wp.me\/Pa72xG-au","_links":{"self":[{"href":"https:\/\/ginesrosell.es\/index.php\/wp-json\/wp\/v2\/pages\/650","targetHints":{"allow":["GET"]}}],"collection":[{"href":"https:\/\/ginesrosell.es\/index.php\/wp-json\/wp\/v2\/pages"}],"about":[{"href":"https:\/\/ginesrosell.es\/index.php\/wp-json\/wp\/v2\/types\/page"}],"author":[{"embeddable":true,"href":"https:\/\/ginesrosell.es\/index.php\/wp-json\/wp\/v2\/users\/1"}],"replies":[{"embeddable":true,"href":"https:\/\/ginesrosell.es\/index.php\/wp-json\/wp\/v2\/comments?post=650"}],"version-history":[{"count":0,"href":"https:\/\/ginesrosell.es\/index.php\/wp-json\/wp\/v2\/pages\/650\/revisions"}],"wp:attachment":[{"href":"https:\/\/ginesrosell.es\/index.php\/wp-json\/wp\/v2\/media?parent=650"}],"curies":[{"name":"wp","href":"https:\/\/api.w.org\/{rel}","templated":true}]}}