{"id":270,"date":"2016-08-03T12:52:55","date_gmt":"2016-08-03T12:52:55","guid":{"rendered":"https:\/\/themify.me\/demo\/themes\/ultra-agency\/?page_id=15"},"modified":"2018-10-02T13:47:44","modified_gmt":"2018-10-02T13:47:44","slug":"contactar","status":"publish","type":"page","link":"https:\/\/ginesrosell.es\/index.php\/contactar\/","title":{"rendered":"Contactar"},"content":{"rendered":"<div id=\"themify_builder_content-270\" data-postid=\"270\" class=\"themify_builder_content themify_builder_content-270 themify_builder\">\n\n    \t\n\t\t<!-- module_row -->\n\t\t<div  class=\"themify_builder_row module_row clearfix fullcover module_row_0 themify_builder_270_row module_row_270-0\">\n\t\t\t<div class=\"builder_row_cover \"><\/div>\t\t\t<div class=\"row_inner col_align_top\" >\n                            \n\t\t<div  class=\"module_column tb-column col-full first tb_270_column module_column_0 module_column_270-0-0\" >\n                                                                <div class=\"tb-column-inner\">\n                            \n\n<!-- module text -->\n<div  id=\"text-270-0-0-0\" class=\"module module-text text-270-0-0-0  repeat  \">\n    <!--insert-->\n    \n        <h1 style=\"margin-bottom: 0;\">Contactar<\/h1>\n<h5>Utilice la siguiente informaci\u00f3n para ponerse en contacto con nosotros.<\/h5>        <\/div>\n<!-- \/module text -->\n\n                        <\/div>\n                    \t\t<\/div>\n\t\t                                <\/div>\n                                <!-- \/row_inner -->\n                        <\/div>\n                        <!-- \/module_row -->\n\t\t<script type='text\/javascript'>\n\t\t\tif( ! jQuery('.themify_builder_270_row.module_row_0').hasClass( 'builder-slideshow-wrapper-added' ) ) {\n\t\t\t\tjQuery('.themify_builder_270_row.module_row_0').wrap(\n\t\t\t\t\t'<div class=\"sp-slide builder-slideshow-slide\"' +\n\t\t\t\t\t\t 'data-transition=\"slideLeft\"' +\n\t\t\t\t\t\t 'data-duration=\"0.5\">' +\n\t\t\t\t\t'<\/div>'\n\t\t\t\t);\n\t\t\t\tjQuery('.themify_builder_270_row.module_row_0').addClass( 'builder-slideshow-wrapper-added' );\n\t\t\t}\n\t\t\t<\/script>\t\n\t\t<!-- module_row -->\n\t\t<div  class=\"themify_builder_row module_row clearfix repeat module_row_1 themify_builder_270_row module_row_270-1\">\n\t\t\t\t\t\t<div class=\"row_inner col_align_top\" >\n                            \n\t\t<div  class=\"module_column tb-column col3-1 first tb_270_column module_column_0 module_column_270-1-0\" >\n                                                                <div class=\"tb-column-inner\">\n                            \n\n    <!-- module icon -->\n    <div id=\"icon-270-1-0-0\" class=\"module icon-270-1-0-0  \">\n        <!--insert-->\n        \n        <div class=\"module-icon xlarge none icon_horizontal icon_position_left\">\n                            <div class=\"module-icon-item\">\n                                                                        <i class=\"fa fa-map-marker ui \"><\/i>\n                                                                                        <\/div>\n                    <\/div>\n    <\/div>\n    <!-- \/module icon -->\n\n\n\n<!-- module text -->\n<div  id=\"text-270-1-0-1\" class=\"module module-text text-270-1-0-1  repeat  \">\n    <!--insert-->\n    \n        <p>C\/ Cantabria, n\u00ba 2 <br \/>30820 Alcantarilla (Murcia)<\/p>        <\/div>\n<!-- \/module text -->\n\n                        <\/div>\n                    \t\t<\/div>\n\t\t\n\t\t<div  class=\"module_column tb-column col3-1 middle tb_270_column module_column_1 module_column_270-1-1\" >\n                                                                <div class=\"tb-column-inner\">\n                            \n\n    <!-- module icon -->\n    <div id=\"icon-270-1-1-0\" class=\"module icon-270-1-1-0  \">\n        <!--insert-->\n        \n        <div class=\"module-icon xlarge none icon_horizontal icon_position_left\">\n                            <div class=\"module-icon-item\">\n                                                                        <i class=\"fa fa-mobile ui \"><\/i>\n                                                                                        <\/div>\n                    <\/div>\n    <\/div>\n    <!-- \/module icon -->\n\n\n\n<!-- module text -->\n<div  id=\"text-270-1-1-1\" class=\"module module-text text-270-1-1-1  repeat  \">\n    <!--insert-->\n    \n        <p>T. 968 89 84 22 \/ 968 80 18 59<br \/>F. 968 89 82 27<\/p>        <\/div>\n<!-- \/module text -->\n\n                        <\/div>\n                    \t\t<\/div>\n\t\t\n\t\t<div  class=\"module_column tb-column col3-1 last tb_270_column module_column_2 module_column_270-1-2\" >\n                                                                <div class=\"tb-column-inner\">\n                            \n\n    <!-- module icon -->\n    <div id=\"icon-270-1-2-0\" class=\"module icon-270-1-2-0  \">\n        <!--insert-->\n        \n        <div class=\"module-icon xlarge none icon_horizontal icon_position_left\">\n                            <div class=\"module-icon-item\">\n                                                                        <i class=\"fa fa-user ui \"><\/i>\n                                                                                        <\/div>\n                    <\/div>\n    <\/div>\n    <!-- \/module icon -->\n\n\n\n<!-- module text -->\n<div  id=\"text-270-1-2-1\" class=\"module module-text text-270-1-2-1  repeat  \">\n    <!--insert-->\n    \n        <p>ginesrosell@ginesrosell.es<\/p>        <\/div>\n<!-- \/module text -->\n\n                        <\/div>\n                    \t\t<\/div>\n\t\t                                <\/div>\n                                <!-- \/row_inner -->\n                        <\/div>\n                        <!-- \/module_row -->\n\t\t<script type='text\/javascript'>\n\t\t\tif( ! jQuery('.themify_builder_270_row.module_row_1').hasClass( 'builder-slideshow-wrapper-added' ) ) {\n\t\t\t\tjQuery('.themify_builder_270_row.module_row_1').wrap(\n\t\t\t\t\t'<div class=\"sp-slide builder-slideshow-slide\"' +\n\t\t\t\t\t\t 'data-transition=\"slideLeft\"' +\n\t\t\t\t\t\t 'data-duration=\"0.5\">' +\n\t\t\t\t\t'<\/div>'\n\t\t\t\t);\n\t\t\t\tjQuery('.themify_builder_270_row.module_row_1').addClass( 'builder-slideshow-wrapper-added' );\n\t\t\t}\n\t\t\t<\/script>\t\n\t\t<!-- module_row -->\n\t\t<div  class=\"themify_builder_row module_row clearfix module_row_2 themify_builder_270_row module_row_270-2\">\n\t\t\t\t\t\t<div class=\"row_inner col_align_top\" >\n                            \n\t\t<div  class=\"module_column tb-column col-full first tb_270_column module_column_0 module_column_270-2-0\" >\n                                                                <div class=\"tb-column-inner\">\n                            \n\n<!-- module text -->\n<div  id=\"text-270-2-0-0\" class=\"module module-text text-270-2-0-0  repeat  \">\n    <!--insert-->\n    \n        <h3>Formulario de contacto<\/h3><p>Utilice el siguiente formulario para enviarnos sus consultas. Normalmente le contestaremos dentro de las pr\u00f3ximas 48 horas. Si no obtiene respuesta, por favor, p\u00f3ngase en contacto con nosotros por email o directamente por tel\u00e9fono. Gracias.<\/p>        <\/div>\n<!-- \/module text -->\n\n\n\n<!-- module text -->\n<div  id=\"text-270-2-0-1\" class=\"module module-text text-270-2-0-1  repeat  \">\n    <!--insert-->\n    \n        \n<div class=\"wpcf7 no-js\" id=\"wpcf7-f449-o1\" lang=\"es-ES\" dir=\"ltr\" data-wpcf7-id=\"449\">\n<div class=\"screen-reader-response\"><p role=\"status\" aria-live=\"polite\" aria-atomic=\"true\"> <ul><\/ul><\/div>\n<form action=\"\/index.php\/wp-json\/wp\/v2\/pages\/270#wpcf7-f449-o1\" method=\"post\" class=\"wpcf7-form init wpcf7-acceptance-as-validation\" aria-label=\"Formulario de contacto\" novalidate=\"novalidate\" data-status=\"init\">\n<fieldset class=\"hidden-fields-container\"><input type=\"hidden\" name=\"_wpcf7\" value=\"449\" \/><input type=\"hidden\" name=\"_wpcf7_version\" value=\"6.1.5\" \/><input type=\"hidden\" name=\"_wpcf7_locale\" value=\"es_ES\" \/><input type=\"hidden\" name=\"_wpcf7_unit_tag\" value=\"wpcf7-f449-o1\" \/><input type=\"hidden\" name=\"_wpcf7_container_post\" value=\"0\" \/><input type=\"hidden\" name=\"_wpcf7_posted_data_hash\" value=\"\" \/><input type=\"hidden\" name=\"_wpcf7_recaptcha_response\" value=\"\" \/>\n<\/fieldset>\n<p><label> Tu nombre (requerido)<br \/>\n<span class=\"wpcf7-form-control-wrap\" data-name=\"your-name\"><input size=\"40\" maxlength=\"400\" class=\"wpcf7-form-control wpcf7-text wpcf7-validates-as-required\" aria-required=\"true\" aria-invalid=\"false\" value=\"\" type=\"text\" name=\"your-name\" \/><\/span> <\/label>\n<\/p>\n<p><label> Tu correo electr\u00f3nico (requerido)<br \/>\n<span class=\"wpcf7-form-control-wrap\" data-name=\"your-email\"><input size=\"40\" maxlength=\"400\" class=\"wpcf7-form-control wpcf7-email wpcf7-validates-as-required wpcf7-text wpcf7-validates-as-email\" aria-required=\"true\" aria-invalid=\"false\" value=\"\" type=\"email\" name=\"your-email\" \/><\/span> <\/label>\n<\/p>\n<p><label> Asunto<br \/>\n<span class=\"wpcf7-form-control-wrap\" data-name=\"your-subject\"><input size=\"40\" maxlength=\"400\" class=\"wpcf7-form-control wpcf7-text\" aria-invalid=\"false\" value=\"\" type=\"text\" name=\"your-subject\" \/><\/span> <\/label>\n<\/p>\n<p><label> Tu mensaje<br \/>\n<span class=\"wpcf7-form-control-wrap\" data-name=\"your-message\"><textarea cols=\"40\" rows=\"10\" maxlength=\"2000\" class=\"wpcf7-form-control wpcf7-textarea\" aria-invalid=\"false\" name=\"your-message\"><\/textarea><\/span> <\/label>\n<\/p>\n<p><span><span class=\"wpcf7-form-control-wrap\" data-name=\"acceptance-279\"><span class=\"wpcf7-form-control wpcf7-acceptance\"><span class=\"wpcf7-list-item\"><input type=\"checkbox\" name=\"acceptance-279\" value=\"1\" aria-invalid=\"false\" \/><\/span><\/span><\/span> He le\u00eddo y acepto el <a target=\"_blank\" rel=\"nofollow noopener noreferrer\" href=\"https:\/\/ginesrosell.es\/avisos-legales\">Aviso Legal<\/a> y la <a target=\"_blank\" rel=\"nofollow noopener noreferrer\" href=\"https:\/\/ginesrosell.es\/politica-de-privacidad\">Pol\u00edtica de Privacidad<\/a>.<\/span>\n<\/p>\n<p><span><span class=\"wpcf7-form-control-wrap\" data-name=\"acceptance-415\"><span class=\"wpcf7-form-control wpcf7-acceptance\"><span class=\"wpcf7-list-item\"><input type=\"checkbox\" name=\"acceptance-415\" value=\"1\" aria-invalid=\"false\" \/><\/span><\/span><\/span> Acepto recibir la informaci\u00f3n que la entidad considere oportuno enviarme por correo electr\u00f3nico o medio de comunicaci\u00f3n electr\u00f3nica equivalente. (Es posible darse de baja en cualquier momento).<\/span><br \/>\n<input class=\"wpcf7-form-control wpcf7-submit has-spinner\" type=\"submit\" value=\"Enviar\" \/>\n<\/p><div class=\"wpcf7-response-output\" aria-hidden=\"true\"><\/div>\n<\/form>\n<\/div>\n        <\/div>\n<!-- \/module text -->\n\n                        <\/div>\n                    \t\t<\/div>\n\t\t                                <\/div>\n                                <!-- \/row_inner -->\n                        <\/div>\n                        <!-- \/module_row -->\n\t\t<script type='text\/javascript'>\n\t\t\tif( ! jQuery('.themify_builder_270_row.module_row_2').hasClass( 'builder-slideshow-wrapper-added' ) ) {\n\t\t\t\tjQuery('.themify_builder_270_row.module_row_2').wrap(\n\t\t\t\t\t'<div class=\"sp-slide builder-slideshow-slide\"' +\n\t\t\t\t\t\t 'data-transition=\"slideLeft\"' +\n\t\t\t\t\t\t 'data-duration=\"0.5\">' +\n\t\t\t\t\t'<\/div>'\n\t\t\t\t);\n\t\t\t\tjQuery('.themify_builder_270_row.module_row_2').addClass( 'builder-slideshow-wrapper-added' );\n\t\t\t}\n\t\t\t<\/script>\t\n\t\t<!-- module_row -->\n\t\t<div  class=\"themify_builder_row module_row clearfix fullwidth module_row_3 themify_builder_270_row module_row_270-3\">\n\t\t\t\t\t\t<div class=\"row_inner col_align_top\" >\n                            \n\t\t<div  class=\"module_column tb-column col-full first tb_270_column module_column_0 module_column_270-3-0\" >\n                                                                <div class=\"tb-column-inner\">\n                            \n\n    <!-- module map -->\n    <div  id=\"map-270-3-0-0\" class=\"module module-map map-270-3-0-0  \">\n        <!--insert-->\n        \n                    <div data-map=\"eyJhZGRyZXNzIjoiQ1wvIENhbnRhYnJpYSwgblx1MDBiYSAyIDMwODIwIEFsY2FudGFyaWxsYSAoTXVyY2lhKSIsInpvb20iOiIxNSIsInR5cGUiOiJIWUJSSUQiLCJzY3JvbGwiOnRydWUsImRyYWciOnRydWV9\" class=\"themify_map map-container\"  style=\"width:100%;height:500px;\"  data-info-window=\"&lt;b&gt;Address&lt;\/b&gt;&lt;br\/&gt;&lt;p&gt;C\/ Cantabria, n\u00ba 2 30820 Alcantarilla (Murcia)&lt;\/p&gt;\" data-reverse-geocoding=\"\"><\/div>\n            <\/div>\n    <!-- \/module map -->\n\n                        <\/div>\n                    \t\t<\/div>\n\t\t                                <\/div>\n                                <!-- \/row_inner -->\n                        <\/div>\n                        <!-- \/module_row -->\n\t\t<script type='text\/javascript'>\n\t\t\tif( ! jQuery('.themify_builder_270_row.module_row_3').hasClass( 'builder-slideshow-wrapper-added' ) ) {\n\t\t\t\tjQuery('.themify_builder_270_row.module_row_3').wrap(\n\t\t\t\t\t'<div class=\"sp-slide builder-slideshow-slide\"' +\n\t\t\t\t\t\t 'data-transition=\"slideLeft\"' +\n\t\t\t\t\t\t 'data-duration=\"0.5\">' +\n\t\t\t\t\t'<\/div>'\n\t\t\t\t);\n\t\t\t\tjQuery('.themify_builder_270_row.module_row_3').addClass( 'builder-slideshow-wrapper-added' );\n\t\t\t}\n\t\t\t<\/script><\/div>\n","protected":false},"excerpt":{"rendered":"<p>Contactar Utilice la siguiente informaci\u00f3n para ponerse en contacto con nosotros. C\/ Cantabria, n\u00ba 2 30820 Alcantarilla (Murcia) T. 968 89 84 22 \/ 968 80 18 59F. 968 89 82 27 ginesrosell@ginesrosell.es Formulario de contacto Utilice el siguiente formulario para enviarnos sus consultas. Normalmente le contestaremos dentro de las pr\u00f3ximas 48 horas. Si no [&hellip;]<\/p>\n","protected":false},"author":1,"featured_media":0,"parent":0,"menu_order":0,"comment_status":"closed","ping_status":"closed","template":"","meta":{"jetpack_post_was_ever_published":false,"footnotes":""},"class_list":["post-270","page","type-page","status-publish","hentry","has-post-title","has-post-date","has-post-category","has-post-tag","has-post-comment","has-post-author",""],"yoast_head":"<!-- This site is optimized with the Yoast SEO Premium plugin v25.2 (Yoast SEO v27.0) - https:\/\/yoast.com\/product\/yoast-seo-premium-wordpress\/ -->\n<title>Contactar - Gin\u00e9s Rosell<\/title>\n<meta name=\"robots\" content=\"index, follow, max-snippet:-1, max-image-preview:large, max-video-preview:-1\" \/>\n<link rel=\"canonical\" href=\"https:\/\/ginesrosell.es\/index.php\/contactar\/\" \/>\n<meta property=\"og:locale\" content=\"es_ES\" \/>\n<meta property=\"og:type\" content=\"article\" \/>\n<meta property=\"og:title\" content=\"Contactar\" \/>\n<meta property=\"og:description\" content=\"Contactar Utilice la siguiente informaci\u00f3n para ponerse en contacto con nosotros. C\/ Cantabria, n\u00ba 2 30820 Alcantarilla (Murcia) T. 968 89 84 22 \/ 968 80 18 59F. 968 89 82 27 ginesrosell@ginesrosell.es Formulario de contacto Utilice el siguiente formulario para enviarnos sus consultas. Normalmente le contestaremos dentro de las pr\u00f3ximas 48 horas. Si no [&hellip;]\" \/>\n<meta property=\"og:url\" content=\"https:\/\/ginesrosell.es\/index.php\/contactar\/\" \/>\n<meta property=\"og:site_name\" content=\"Gin\u00e9s Rosell\" \/>\n<meta property=\"article:publisher\" content=\"https:\/\/www.facebook.com\/ginesroselltodoparatumascota\/\" \/>\n<meta property=\"article:modified_time\" content=\"2018-10-02T13:47:44+00:00\" \/>\n<meta name=\"twitter:card\" content=\"summary_large_image\" \/>\n<script type=\"application\/ld+json\" class=\"yoast-schema-graph\">{\"@context\":\"https:\/\/schema.org\",\"@graph\":[{\"@type\":\"WebPage\",\"@id\":\"https:\/\/ginesrosell.es\/index.php\/contactar\/\",\"url\":\"https:\/\/ginesrosell.es\/index.php\/contactar\/\",\"name\":\"Contactar - Gin\u00e9s Rosell\",\"isPartOf\":{\"@id\":\"https:\/\/ginesrosell.es\/#website\"},\"datePublished\":\"2016-08-03T12:52:55+00:00\",\"dateModified\":\"2018-10-02T13:47:44+00:00\",\"breadcrumb\":{\"@id\":\"https:\/\/ginesrosell.es\/index.php\/contactar\/#breadcrumb\"},\"inLanguage\":\"es\",\"potentialAction\":[{\"@type\":\"ReadAction\",\"target\":[\"https:\/\/ginesrosell.es\/index.php\/contactar\/\"]}]},{\"@type\":\"BreadcrumbList\",\"@id\":\"https:\/\/ginesrosell.es\/index.php\/contactar\/#breadcrumb\",\"itemListElement\":[{\"@type\":\"ListItem\",\"position\":1,\"name\":\"Portada\",\"item\":\"https:\/\/ginesrosell.es\/\"},{\"@type\":\"ListItem\",\"position\":2,\"name\":\"Contactar\"}]},{\"@type\":\"WebSite\",\"@id\":\"https:\/\/ginesrosell.es\/#website\",\"url\":\"https:\/\/ginesrosell.es\/\",\"name\":\"Gin\u00e9s Rosell - Todo para tu mascota\",\"description\":\"Gin\u00e9s Rosell - Todo para tu mascota\",\"publisher\":{\"@id\":\"https:\/\/ginesrosell.es\/#organization\"},\"potentialAction\":[{\"@type\":\"SearchAction\",\"target\":{\"@type\":\"EntryPoint\",\"urlTemplate\":\"https:\/\/ginesrosell.es\/?s={search_term_string}\"},\"query-input\":{\"@type\":\"PropertyValueSpecification\",\"valueRequired\":true,\"valueName\":\"search_term_string\"}}],\"inLanguage\":\"es\"},{\"@type\":\"Organization\",\"@id\":\"https:\/\/ginesrosell.es\/#organization\",\"name\":\"Gin\u00e9s Rosell - Todo para tu mascota\",\"url\":\"https:\/\/ginesrosell.es\/\",\"logo\":{\"@type\":\"ImageObject\",\"inLanguage\":\"es\",\"@id\":\"https:\/\/ginesrosell.es\/#\/schema\/logo\/image\/\",\"url\":\"https:\/\/ginesrosell.es\/wp-content\/uploads\/2018\/08\/ANAGRAMA-GR-LETRAS-NUEVAS.jpg\",\"contentUrl\":\"https:\/\/ginesrosell.es\/wp-content\/uploads\/2018\/08\/ANAGRAMA-GR-LETRAS-NUEVAS.jpg\",\"width\":768,\"height\":768,\"caption\":\"Gin\u00e9s Rosell - Todo para tu mascota\"},\"image\":{\"@id\":\"https:\/\/ginesrosell.es\/#\/schema\/logo\/image\/\"},\"sameAs\":[\"https:\/\/www.facebook.com\/ginesroselltodoparatumascota\/\"]}]}<\/script>\n<!-- \/ Yoast SEO Premium plugin. -->","yoast_head_json":{"title":"Contactar - Gin\u00e9s Rosell","robots":{"index":"index","follow":"follow","max-snippet":"max-snippet:-1","max-image-preview":"max-image-preview:large","max-video-preview":"max-video-preview:-1"},"canonical":"https:\/\/ginesrosell.es\/index.php\/contactar\/","og_locale":"es_ES","og_type":"article","og_title":"Contactar","og_description":"Contactar Utilice la siguiente informaci\u00f3n para ponerse en contacto con nosotros. C\/ Cantabria, n\u00ba 2 30820 Alcantarilla (Murcia) T. 968 89 84 22 \/ 968 80 18 59F. 968 89 82 27 ginesrosell@ginesrosell.es Formulario de contacto Utilice el siguiente formulario para enviarnos sus consultas. Normalmente le contestaremos dentro de las pr\u00f3ximas 48 horas. Si no [&hellip;]","og_url":"https:\/\/ginesrosell.es\/index.php\/contactar\/","og_site_name":"Gin\u00e9s Rosell","article_publisher":"https:\/\/www.facebook.com\/ginesroselltodoparatumascota\/","article_modified_time":"2018-10-02T13:47:44+00:00","twitter_card":"summary_large_image","schema":{"@context":"https:\/\/schema.org","@graph":[{"@type":"WebPage","@id":"https:\/\/ginesrosell.es\/index.php\/contactar\/","url":"https:\/\/ginesrosell.es\/index.php\/contactar\/","name":"Contactar - Gin\u00e9s Rosell","isPartOf":{"@id":"https:\/\/ginesrosell.es\/#website"},"datePublished":"2016-08-03T12:52:55+00:00","dateModified":"2018-10-02T13:47:44+00:00","breadcrumb":{"@id":"https:\/\/ginesrosell.es\/index.php\/contactar\/#breadcrumb"},"inLanguage":"es","potentialAction":[{"@type":"ReadAction","target":["https:\/\/ginesrosell.es\/index.php\/contactar\/"]}]},{"@type":"BreadcrumbList","@id":"https:\/\/ginesrosell.es\/index.php\/contactar\/#breadcrumb","itemListElement":[{"@type":"ListItem","position":1,"name":"Portada","item":"https:\/\/ginesrosell.es\/"},{"@type":"ListItem","position":2,"name":"Contactar"}]},{"@type":"WebSite","@id":"https:\/\/ginesrosell.es\/#website","url":"https:\/\/ginesrosell.es\/","name":"Gin\u00e9s Rosell - Todo para tu mascota","description":"Gin\u00e9s Rosell - Todo para tu mascota","publisher":{"@id":"https:\/\/ginesrosell.es\/#organization"},"potentialAction":[{"@type":"SearchAction","target":{"@type":"EntryPoint","urlTemplate":"https:\/\/ginesrosell.es\/?s={search_term_string}"},"query-input":{"@type":"PropertyValueSpecification","valueRequired":true,"valueName":"search_term_string"}}],"inLanguage":"es"},{"@type":"Organization","@id":"https:\/\/ginesrosell.es\/#organization","name":"Gin\u00e9s Rosell - Todo para tu mascota","url":"https:\/\/ginesrosell.es\/","logo":{"@type":"ImageObject","inLanguage":"es","@id":"https:\/\/ginesrosell.es\/#\/schema\/logo\/image\/","url":"https:\/\/ginesrosell.es\/wp-content\/uploads\/2018\/08\/ANAGRAMA-GR-LETRAS-NUEVAS.jpg","contentUrl":"https:\/\/ginesrosell.es\/wp-content\/uploads\/2018\/08\/ANAGRAMA-GR-LETRAS-NUEVAS.jpg","width":768,"height":768,"caption":"Gin\u00e9s Rosell - Todo para tu mascota"},"image":{"@id":"https:\/\/ginesrosell.es\/#\/schema\/logo\/image\/"},"sameAs":["https:\/\/www.facebook.com\/ginesroselltodoparatumascota\/"]}]}},"jetpack_sharing_enabled":true,"jetpack_shortlink":"https:\/\/wp.me\/Pa72xG-4m","_links":{"self":[{"href":"https:\/\/ginesrosell.es\/index.php\/wp-json\/wp\/v2\/pages\/270","targetHints":{"allow":["GET"]}}],"collection":[{"href":"https:\/\/ginesrosell.es\/index.php\/wp-json\/wp\/v2\/pages"}],"about":[{"href":"https:\/\/ginesrosell.es\/index.php\/wp-json\/wp\/v2\/types\/page"}],"author":[{"embeddable":true,"href":"https:\/\/ginesrosell.es\/index.php\/wp-json\/wp\/v2\/users\/1"}],"replies":[{"embeddable":true,"href":"https:\/\/ginesrosell.es\/index.php\/wp-json\/wp\/v2\/comments?post=270"}],"version-history":[{"count":63,"href":"https:\/\/ginesrosell.es\/index.php\/wp-json\/wp\/v2\/pages\/270\/revisions"}],"predecessor-version":[{"id":844,"href":"https:\/\/ginesrosell.es\/index.php\/wp-json\/wp\/v2\/pages\/270\/revisions\/844"}],"wp:attachment":[{"href":"https:\/\/ginesrosell.es\/index.php\/wp-json\/wp\/v2\/media?parent=270"}],"curies":[{"name":"wp","href":"https:\/\/api.w.org\/{rel}","templated":true}]}}